{"id":18765,"date":"2023-12-21T20:33:38","date_gmt":"2023-12-21T20:33:38","guid":{"rendered":"https:\/\/ragnaroklabsoficial.com\/ragnarok\/?post_type=product&#038;p=18765"},"modified":"2023-12-21T20:35:01","modified_gmt":"2023-12-21T20:35:01","slug":"testo-400-mg-gold","status":"publish","type":"product","link":"https:\/\/ragnaroklabsoficial.com\/ragnarok\/index.php\/producto\/testo-400-mg-gold\/","title":{"rendered":"Testo 400 mg GOLD"},"content":{"rendered":"<p>Producto linea RAGNAROK GOLD. 99.8 % de pureza, no esta sub dosificado.<\/p>\n<p>Testosterona 400 RAGNAROK LABS<br \/>\nTestosterona 400 es un esteroide que se compone de la combinaci\u00f3n de tres testosteronas (Propinato, Cipionato y enantato de testosterona) las cuales act\u00faan de manera directa en el torrente sangu\u00edneo, aumentando la producci\u00f3n notoriamente de los gl\u00f3bulos rojos, los cuales ayudan a almacenar mayores cantidades de prote\u00ednas, produciendo mayor fuerza.<\/p>\n<p>Se debe tener en cuanta que como cualquier testosterona genera retenci\u00f3n de l\u00edquidos y aromatizaci\u00f3n en el organismo. La dosis recomendada de este producto son de 400 mg a 1200 mg por semana.<\/p>\n","protected":false},"excerpt":{"rendered":"<p>Producto linea RAGNAROK GOLD. 99.8 % de pureza, no esta sub dosificado.<\/p>\n<p>Testosterona 400 RAGNAROK LABS<br \/>\nTestosterona 400 es un esteroide que se compone de la combinaci\u00f3n de tres testosteronas (Propinato, Cipionato y enantato de testosterona) las cuales act\u00faan de manera directa en el torrente sangu\u00edneo, aumentando la producci\u00f3n notoriamente de los gl\u00f3bulos rojos, los cuales ayudan a almacenar mayores cantidades de prote\u00ednas, produciendo mayor fuerza.<\/p>\n","protected":false},"featured_media":18766,"comment_status":"open","ping_status":"closed","template":"","meta":[],"product_cat":[227],"product_tag":[229],"class_list":["post-18765","product","type-product","status-publish","has-post-thumbnail","hentry","product_cat-testo-400","product_tag-testo-400"],"_links":{"self":[{"href":"https:\/\/ragnaroklabsoficial.com\/ragnarok\/index.php\/wp-json\/wp\/v2\/product\/18765","targetHints":{"allow":["GET"]}}],"collection":[{"href":"https:\/\/ragnaroklabsoficial.com\/ragnarok\/index.php\/wp-json\/wp\/v2\/product"}],"about":[{"href":"https:\/\/ragnaroklabsoficial.com\/ragnarok\/index.php\/wp-json\/wp\/v2\/types\/product"}],"replies":[{"embeddable":true,"href":"https:\/\/ragnaroklabsoficial.com\/ragnarok\/index.php\/wp-json\/wp\/v2\/comments?post=18765"}],"wp:featuredmedia":[{"embeddable":true,"href":"https:\/\/ragnaroklabsoficial.com\/ragnarok\/index.php\/wp-json\/wp\/v2\/media\/18766"}],"wp:attachment":[{"href":"https:\/\/ragnaroklabsoficial.com\/ragnarok\/index.php\/wp-json\/wp\/v2\/media?parent=18765"}],"wp:term":[{"taxonomy":"product_cat","embeddable":true,"href":"https:\/\/ragnaroklabsoficial.com\/ragnarok\/index.php\/wp-json\/wp\/v2\/product_cat?post=18765"},{"taxonomy":"product_tag","embeddable":true,"href":"https:\/\/ragnaroklabsoficial.com\/ragnarok\/index.php\/wp-json\/wp\/v2\/product_tag?post=18765"}],"curies":[{"name":"wp","href":"https:\/\/api.w.org\/{rel}","templated":true}]}}