{"id":18759,"date":"2023-12-21T20:24:05","date_gmt":"2023-12-21T20:24:05","guid":{"rendered":"https:\/\/ragnaroklabsoficial.com\/ragnarok\/?post_type=product&#038;p=18759"},"modified":"2023-12-21T20:25:53","modified_gmt":"2023-12-21T20:25:53","slug":"sostenon-gold-10-ml-350mg","status":"publish","type":"product","link":"https:\/\/ragnaroklabsoficial.com\/ragnarok\/index.php\/producto\/sostenon-gold-10-ml-350mg\/","title":{"rendered":"Sostenon GOLD 10 ml \/ 350mg"},"content":{"rendered":"<p>Producto linea RAGNAROK GOLD. 99.8 % de pureza, no esta sub dosificado.<\/p>\n<p>Sostenon 10 ml \/ 350mg<\/p>\n<p>Sustanon tiene un efecto androg\u00e9nico notable que viene acompa\u00f1ado de un efecto anab\u00f3lico fuerte. Por consiguiente se utiliza para construir masa muscular y fuerza. Con este compuesto ocurre un aumento de fuerza y peso corporal.<\/p>\n","protected":false},"excerpt":{"rendered":"<p>Producto linea RAGNAROK GOLD. 99.8 % de pureza, no esta sub dosificado.<\/p>\n<p>Sostanon<br \/>\nSustanon tiene un efecto androg\u00e9nico notable que viene acompa\u00f1ado de un efecto anab\u00f3lico fuerte. Por consiguiente se utiliza para construir masa muscular y fuerza. Con este compuesto ocurre un aumento de fuerza y peso corporal.<\/p>\n<p>Sustenon Una perfecta combinacion de 4 testosteronas. Estas diferentes testosteronas, Testosterona propionato de testosterona phenylpropianato tesrosterona isocaprote, y testosterona decanoato. Diferentes esteres provocan una constante liberaci\u00f3n de testosterona sobre el tiempo de un mes. La testosterona es la hormona primaria masculina en el cuerpo, es posiblemente el contructor muscular MAS PODEROSO QUE SE HA CREADO en el mundo. Esta se convierte a su forma m\u00e1s androgenica DHT esta cualidada es la que le confiere estas EXTREMAS propiedades anab\u00f3licas. En una mano los estr\u00f3genos incementan la produccion dela hormona de crecimiento, da mayor inmmunidad, e incrementan los receptores androgenicos, mientras en otra mano la combinacion de testosterona\/DHT es extremadamente potente activando los receptores androgenicos haciendo que halla mayores ganancias en FUERZA Y TAMA\u00d1O!! Y PODER. La dosis del uso de testosterona puede se desde 325 mg por semnas a 1000mg por semana se ha visto que en su uso los mejores resultados se ven solamente durante las primeras 5 semnas. Los diferentes esteres logran que haya una menor retenci\u00f3n de agua con esta testosterona debeido a su naturaleza esta aromatiza y seria prudente el uso de proviron o tamoxifeno durante su utilizacion.<\/p>\n","protected":false},"featured_media":18760,"comment_status":"open","ping_status":"closed","template":"","meta":[],"product_cat":[194],"product_tag":[219,210],"class_list":["post-18759","product","type-product","status-publish","has-post-thumbnail","hentry","product_cat-sostenon","product_tag-sostenon","product_tag-sustanon-sostanon"],"_links":{"self":[{"href":"https:\/\/ragnaroklabsoficial.com\/ragnarok\/index.php\/wp-json\/wp\/v2\/product\/18759","targetHints":{"allow":["GET"]}}],"collection":[{"href":"https:\/\/ragnaroklabsoficial.com\/ragnarok\/index.php\/wp-json\/wp\/v2\/product"}],"about":[{"href":"https:\/\/ragnaroklabsoficial.com\/ragnarok\/index.php\/wp-json\/wp\/v2\/types\/product"}],"replies":[{"embeddable":true,"href":"https:\/\/ragnaroklabsoficial.com\/ragnarok\/index.php\/wp-json\/wp\/v2\/comments?post=18759"}],"wp:featuredmedia":[{"embeddable":true,"href":"https:\/\/ragnaroklabsoficial.com\/ragnarok\/index.php\/wp-json\/wp\/v2\/media\/18760"}],"wp:attachment":[{"href":"https:\/\/ragnaroklabsoficial.com\/ragnarok\/index.php\/wp-json\/wp\/v2\/media?parent=18759"}],"wp:term":[{"taxonomy":"product_cat","embeddable":true,"href":"https:\/\/ragnaroklabsoficial.com\/ragnarok\/index.php\/wp-json\/wp\/v2\/product_cat?post=18759"},{"taxonomy":"product_tag","embeddable":true,"href":"https:\/\/ragnaroklabsoficial.com\/ragnarok\/index.php\/wp-json\/wp\/v2\/product_tag?post=18759"}],"curies":[{"name":"wp","href":"https:\/\/api.w.org\/{rel}","templated":true}]}}