{"id":18749,"date":"2023-12-21T20:16:08","date_gmt":"2023-12-21T20:16:08","guid":{"rendered":"https:\/\/ragnaroklabsoficial.com\/ragnarok\/?post_type=product&#038;p=18749"},"modified":"2023-12-21T20:18:02","modified_gmt":"2023-12-21T20:18:02","slug":"boldenona-gold-10ml-200-mg","status":"publish","type":"product","link":"https:\/\/ragnaroklabsoficial.com\/ragnarok\/index.php\/producto\/boldenona-gold-10ml-200-mg\/","title":{"rendered":"Boldenona GOLD 10ml \/ 200 mg"},"content":{"rendered":"<p>Producto linea RAGNAROK GOLD. 99.8 % de pureza, no esta sub dosificado.<\/p>\n<p>Boldenona 10ml \/ 200 mg.<\/p>\n<p>Sus propiedades, e incluso su estructura, es muy similar al Dianabol, aunque act\u00faan de forma bastante diferente, ya que la boldenona apenas retiene l\u00edquidos puesto que su capacidad de convertirse en estr\u00f3genos es muy baja, y su toxicidad para el h\u00edgado, es considerablemente menor que la presentada por el Dianabol, razones por las cuales su uso se encuentra extendido entre los entusiastas del gimnasio.<\/p>\n<p>&nbsp;<\/p>\n<p>&nbsp;<\/p>\n","protected":false},"excerpt":{"rendered":"<p>Producto linea RAGNAROK GOLD. 99.8 % de pureza, no esta sub dosificado.<\/p>\n<p>Boldenona 200 MG. \/ 10 ml.<\/p>\n<p>Sus propiedades, e incluso su estructura, es muy similar al Dianabol, aunque act\u00faan de forma bastante diferente, ya que la boldenona apenas retiene l\u00edquidos puesto que su capacidad de convertirse en estr\u00f3genos es muy baja, y su toxicidad para el h\u00edgado, es considerablemente menor que la presentada por el Dianabol, razones por las cuales su uso se encuentra extendido entre los entusiastas del gimnasio.<\/p>\n<p>El uso que se le da a boldenona por parte de los entusiastas del gimnasio es obtener una hipertrofia muscular lo m\u00e1s limpia posible, de forma consolidada, ya que su acci\u00f3n es lenta debido a que se acumula en la grasa, de forma perdurable.<\/p>\n<p>Generalmente se administra mediante ciclos de larga duraci\u00f3n superiores a 2 meses, por lo que no suele ser elegida por los entusiastas del gimnasio que buscan un resultado r\u00e1pido.<\/p>\n","protected":false},"featured_media":18750,"comment_status":"open","ping_status":"closed","template":"","meta":[],"product_cat":[16,187],"product_tag":[212,204,213],"class_list":["post-18749","product","type-product","status-publish","has-post-thumbnail","hentry","product_cat-baldenona-entrenamiento-fisico","product_cat-farmaco-deportivo","product_tag-baldedona","product_tag-farmaco-deportivo","product_tag-ragnarok-labs"],"_links":{"self":[{"href":"https:\/\/ragnaroklabsoficial.com\/ragnarok\/index.php\/wp-json\/wp\/v2\/product\/18749","targetHints":{"allow":["GET"]}}],"collection":[{"href":"https:\/\/ragnaroklabsoficial.com\/ragnarok\/index.php\/wp-json\/wp\/v2\/product"}],"about":[{"href":"https:\/\/ragnaroklabsoficial.com\/ragnarok\/index.php\/wp-json\/wp\/v2\/types\/product"}],"replies":[{"embeddable":true,"href":"https:\/\/ragnaroklabsoficial.com\/ragnarok\/index.php\/wp-json\/wp\/v2\/comments?post=18749"}],"wp:featuredmedia":[{"embeddable":true,"href":"https:\/\/ragnaroklabsoficial.com\/ragnarok\/index.php\/wp-json\/wp\/v2\/media\/18750"}],"wp:attachment":[{"href":"https:\/\/ragnaroklabsoficial.com\/ragnarok\/index.php\/wp-json\/wp\/v2\/media?parent=18749"}],"wp:term":[{"taxonomy":"product_cat","embeddable":true,"href":"https:\/\/ragnaroklabsoficial.com\/ragnarok\/index.php\/wp-json\/wp\/v2\/product_cat?post=18749"},{"taxonomy":"product_tag","embeddable":true,"href":"https:\/\/ragnaroklabsoficial.com\/ragnarok\/index.php\/wp-json\/wp\/v2\/product_tag?post=18749"}],"curies":[{"name":"wp","href":"https:\/\/api.w.org\/{rel}","templated":true}]}}