{"id":18746,"date":"2023-12-21T20:10:45","date_gmt":"2023-12-21T20:10:45","guid":{"rendered":"https:\/\/ragnaroklabsoficial.com\/ragnarok\/?post_type=product&#038;p=18746"},"modified":"2023-12-21T20:12:46","modified_gmt":"2023-12-21T20:12:46","slug":"deca-10ml-200mg-gold-nandrolone-decanoate","status":"publish","type":"product","link":"https:\/\/ragnaroklabsoficial.com\/ragnarok\/index.php\/producto\/deca-10ml-200mg-gold-nandrolone-decanoate\/","title":{"rendered":"Deca 10ml \/ 200mg GOLD Nandrolone Decanoate"},"content":{"rendered":"<p>Producto linea RAGNAROK GOLD. 99.8 % de pureza, no esta sub dosificado.<\/p>\n<p>Deca 10ml \/ 200mg Nandrolone Decanoate<\/p>\n<p>La nandrolona es un esteroide anab\u00f3lico. Presenta propiedades similares a la hormona testosterona: tiene efectos virilizantes androg\u00e9nicos, incrementa la s\u00edntesis de prote\u00ednas y potencia el desarrollo muscular.<\/p>\n","protected":false},"excerpt":{"rendered":"<p>Deca<\/p>\n<p>Producto linea RAGNAROK GOLD. 99.8 % de pureza, no esta sub dosificado.<\/p>\n<p>ANABOLIZANTES HORMONALES<br \/>\nNandrolona<\/p>\n<p>La nandrolona es un esteroide anab\u00f3lico. Presenta propiedades similares a la hormona testosterona: tiene efectos virilizantes androg\u00e9nicos, incrementa la s\u00edntesis de prote\u00ednas y potencia el desarrollo muscular.<\/p>\n<p>La nandrolona tambi\u00e9n influye en el metabolismo del calcio e incrementa la masa \u00f3sea en los pacientes con osteoporosis.<br \/>\nNandrolone Decanoate 300 mg. Nandrolona Decanoate. Un compuesto inyectable que sin lugar a dudas miligramo por miligramo tiene muchos efectos positivos para el crecimiento muscular y s\u00edntesis proteica, estimulaci\u00f3n del apetito, producci\u00f3n de gl\u00f3bulos rojos y aumento de la densidad \u00f3sea. Nandrolone decanoate es un anab\u00f3lico que en altas dosis puede ser altamente androg\u00e9nico. Es usado por muchos atletas con el objetivo de obtenci\u00f3n de masa muscular, casi siempre en combinaci\u00f3n con testosteronas, con este compuesto puedes almacenar m\u00e1s nitr\u00f3geno que el que es liberado y un balance positivo en el nitr\u00f3geno es sin\u00f3nimo de crecimiento muscular ya que las c\u00e9lulas pueden asimilar m\u00e1s cantidades de prote\u00ednas, nandrolone decanoate mantiene una reparaci\u00f3n en los tejidos musculares curando temporalmente todos los dolores. Este compuesto es detectable por m\u00e1s de un a\u00f1o despu\u00e9s de su administraci\u00f3n. Dosis recomendadas de 200 mg. a 600 mg. por semana.<\/p>\n","protected":false},"featured_media":18747,"comment_status":"open","ping_status":"closed","template":"","meta":[],"product_cat":[187,188],"product_tag":[217,206],"class_list":["post-18746","product","type-product","status-publish","has-post-thumbnail","hentry","product_cat-farmaco-deportivo","product_cat-nandrolone-decanoate","product_tag-deca","product_tag-nandrolone-decanoate-deca"],"_links":{"self":[{"href":"https:\/\/ragnaroklabsoficial.com\/ragnarok\/index.php\/wp-json\/wp\/v2\/product\/18746","targetHints":{"allow":["GET"]}}],"collection":[{"href":"https:\/\/ragnaroklabsoficial.com\/ragnarok\/index.php\/wp-json\/wp\/v2\/product"}],"about":[{"href":"https:\/\/ragnaroklabsoficial.com\/ragnarok\/index.php\/wp-json\/wp\/v2\/types\/product"}],"replies":[{"embeddable":true,"href":"https:\/\/ragnaroklabsoficial.com\/ragnarok\/index.php\/wp-json\/wp\/v2\/comments?post=18746"}],"wp:featuredmedia":[{"embeddable":true,"href":"https:\/\/ragnaroklabsoficial.com\/ragnarok\/index.php\/wp-json\/wp\/v2\/media\/18747"}],"wp:attachment":[{"href":"https:\/\/ragnaroklabsoficial.com\/ragnarok\/index.php\/wp-json\/wp\/v2\/media?parent=18746"}],"wp:term":[{"taxonomy":"product_cat","embeddable":true,"href":"https:\/\/ragnaroklabsoficial.com\/ragnarok\/index.php\/wp-json\/wp\/v2\/product_cat?post=18746"},{"taxonomy":"product_tag","embeddable":true,"href":"https:\/\/ragnaroklabsoficial.com\/ragnarok\/index.php\/wp-json\/wp\/v2\/product_tag?post=18746"}],"curies":[{"name":"wp","href":"https:\/\/api.w.org\/{rel}","templated":true}]}}