{"id":18743,"date":"2023-12-21T20:07:11","date_gmt":"2023-12-21T20:07:11","guid":{"rendered":"https:\/\/ragnaroklabsoficial.com\/ragnarok\/?post_type=product&#038;p=18743"},"modified":"2025-10-16T16:57:43","modified_gmt":"2025-10-16T16:57:43","slug":"propionato-gold-10ml-100mg","status":"publish","type":"product","link":"https:\/\/ragnaroklabsoficial.com\/ragnarok\/index.php\/producto\/propionato-gold-10ml-100mg\/","title":{"rendered":"Propionato GOLD 10ml \/ 100mg"},"content":{"rendered":"<p>Producto linea RAGNAROK GOLD. 99.8 % de pureza, no esta sub dosificado.<\/p>\n<p>Propionato 10ml \/ 100mg.<\/p>\n<p>Drostanolona Propionato Masteron 10ml de 100mg Landerlan es un f\u00e1rmaco que act\u00faa favoreciendo el incremento de la fuerza y masa muscular a trav\u00e9s de diversos mecanismos fisiol\u00f3gicos al aumentar la retenci\u00f3n de nitr\u00f3geno.<\/p>\n<p>&nbsp;<\/p>\n","protected":false},"excerpt":{"rendered":"<p>Producto linea RAGNAROK GOLD. 99.8 % de pureza, no esta sub dosificado.<\/p>\n<p>Propionato<br \/>\nDrostanolona Propionato Masteron 10ml de 100mg Landerlan es un f\u00e1rmaco que act\u00faa favoreciendo el incremento de la fuerza y masa muscular a trav\u00e9s de diversos mecanismos fisiol\u00f3gicos al aumentar la retenci\u00f3n de nitr\u00f3geno.<\/p>\n<p>Comparada a otros esteroides de testosterona, propionato de testosterona no tiene tanta popularidad entre los atletas, por razones que tocaremos en este art\u00edculo.<\/p>\n<p>Por una raz\u00f3n o la otra, la testosterona Phenylpropionato no es tan usada en powerlifting o f\u00edsico culturismo. Los atletas quieren resultados r\u00e1pidos, y esta testosterona no es del tipo que da los resultados r\u00e1pidos que algunos esperan.<\/p>\n<p>Pero entre m\u00e1s entremos a fondo sobre el tema, notaremos que la testosterona de phenylpropionato no es un esteroide \u201cinefectivo\u201d como algunos dicen. Lo que sucede es que muchos no saben c\u00f3mo usarla para obtener m\u00e1ximos resultados en la menor cantidad de tiempo, est\u00e1n muy ansiosos por ver resultados. Si la usa correctamente la testosterona de propionato es una de las mejores de su clase.<\/p>\n<p>La testosterona de propionato es una de las testosteronas con menos duraci\u00f3n en el cuerpo y esta es una de las razones por la cual a sido marcada como inefectiva. Con una duraci\u00f3n de 4 a 5 d\u00edas, no produce retenci\u00f3n de agua al nivel que otras testosteronas lo hacen como la testosterona de enanthate. Despu\u00e9s del uso de la testosterona de Phenylpropionate el efecto se nota en un instante. En este poco tiempo, el atleta se sentir\u00e1 agresivo y fuerte. Tendr\u00e1 un incremento en el apetito, esto deja claro porque la testosterona de propionato es usada para tratar a personas con p\u00e9rdida de masa muscular.<\/p>\n","protected":false},"featured_media":18744,"comment_status":"open","ping_status":"closed","template":"","meta":[],"product_cat":[187,193],"product_tag":[209],"class_list":["post-18743","product","type-product","status-publish","has-post-thumbnail","hentry","product_cat-farmaco-deportivo","product_cat-propionato","product_tag-propionato"],"_links":{"self":[{"href":"https:\/\/ragnaroklabsoficial.com\/ragnarok\/index.php\/wp-json\/wp\/v2\/product\/18743","targetHints":{"allow":["GET"]}}],"collection":[{"href":"https:\/\/ragnaroklabsoficial.com\/ragnarok\/index.php\/wp-json\/wp\/v2\/product"}],"about":[{"href":"https:\/\/ragnaroklabsoficial.com\/ragnarok\/index.php\/wp-json\/wp\/v2\/types\/product"}],"replies":[{"embeddable":true,"href":"https:\/\/ragnaroklabsoficial.com\/ragnarok\/index.php\/wp-json\/wp\/v2\/comments?post=18743"}],"wp:featuredmedia":[{"embeddable":true,"href":"https:\/\/ragnaroklabsoficial.com\/ragnarok\/index.php\/wp-json\/wp\/v2\/media\/18744"}],"wp:attachment":[{"href":"https:\/\/ragnaroklabsoficial.com\/ragnarok\/index.php\/wp-json\/wp\/v2\/media?parent=18743"}],"wp:term":[{"taxonomy":"product_cat","embeddable":true,"href":"https:\/\/ragnaroklabsoficial.com\/ragnarok\/index.php\/wp-json\/wp\/v2\/product_cat?post=18743"},{"taxonomy":"product_tag","embeddable":true,"href":"https:\/\/ragnaroklabsoficial.com\/ragnarok\/index.php\/wp-json\/wp\/v2\/product_tag?post=18743"}],"curies":[{"name":"wp","href":"https:\/\/api.w.org\/{rel}","templated":true}]}}