{"id":18723,"date":"2023-08-09T20:45:28","date_gmt":"2023-08-09T20:45:28","guid":{"rendered":"https:\/\/ragnaroklabsoficial.com\/ragnarok\/?post_type=product&#038;p=18723"},"modified":"2025-03-10T19:20:13","modified_gmt":"2025-03-10T19:20:13","slug":"cipionato","status":"publish","type":"product","link":"https:\/\/ragnaroklabsoficial.com\/ragnarok\/index.php\/producto\/cipionato\/","title":{"rendered":"Cipionato 300mg"},"content":{"rendered":"<p>El cipionato de testosterona es un compuesto vers\u00e1til que se puede utilizar tanto en los ciclos de aumento de volumen como de corte. Este esteroide a\u00f1adir\u00e1 fuerza y masa cuando se combina con una dieta adecuada y un programa de entrenamiento. La mayor\u00eda de los atletas y culturistas, si no todos, han utilizado esta forma de testosterona durante sus a\u00f1os de formaci\u00f3n, compitiendo y levantando.<\/p>\n<p>Por qu\u00e9 el Cipionato de Testosterona<br \/>\nEl cipionato de testosterona es una droga revolucionaria en el mundo del culturismo. Los culturistas suelen autoinyectarse esta hormona en su cuerpo. Este f\u00e1rmaco se administra generalmente a los hombres que tienen un pobre nivel de testosterona, este esteroide ayuda a elevar el nivel de la hormona dentro del cuerpo al nivel normal, de modo que puede producir el mismo efecto que la hormona naturalmente dentro del cuerpo<\/p>\n","protected":false},"excerpt":{"rendered":"<p>El cipionato de testosterona es un compuesto vers\u00e1til que se puede utilizar tanto en los ciclos de aumento de volumen como de corte. Este esteroide a\u00f1adir\u00e1 fuerza y masa cuando se combina con una dieta adecuada y un programa de entrenamiento. La mayor\u00eda de los atletas y culturistas, si no todos, han utilizado esta forma de testosterona durante sus a\u00f1os de formaci\u00f3n, compitiendo y levantando.<\/p>\n","protected":false},"featured_media":18735,"comment_status":"open","ping_status":"closed","template":"","meta":[],"product_cat":[224],"product_tag":[231],"class_list":["post-18723","product","type-product","status-publish","has-post-thumbnail","hentry","product_cat-cipionato","product_tag-cipionato"],"_links":{"self":[{"href":"https:\/\/ragnaroklabsoficial.com\/ragnarok\/index.php\/wp-json\/wp\/v2\/product\/18723","targetHints":{"allow":["GET"]}}],"collection":[{"href":"https:\/\/ragnaroklabsoficial.com\/ragnarok\/index.php\/wp-json\/wp\/v2\/product"}],"about":[{"href":"https:\/\/ragnaroklabsoficial.com\/ragnarok\/index.php\/wp-json\/wp\/v2\/types\/product"}],"replies":[{"embeddable":true,"href":"https:\/\/ragnaroklabsoficial.com\/ragnarok\/index.php\/wp-json\/wp\/v2\/comments?post=18723"}],"wp:featuredmedia":[{"embeddable":true,"href":"https:\/\/ragnaroklabsoficial.com\/ragnarok\/index.php\/wp-json\/wp\/v2\/media\/18735"}],"wp:attachment":[{"href":"https:\/\/ragnaroklabsoficial.com\/ragnarok\/index.php\/wp-json\/wp\/v2\/media?parent=18723"}],"wp:term":[{"taxonomy":"product_cat","embeddable":true,"href":"https:\/\/ragnaroklabsoficial.com\/ragnarok\/index.php\/wp-json\/wp\/v2\/product_cat?post=18723"},{"taxonomy":"product_tag","embeddable":true,"href":"https:\/\/ragnaroklabsoficial.com\/ragnarok\/index.php\/wp-json\/wp\/v2\/product_tag?post=18723"}],"curies":[{"name":"wp","href":"https:\/\/api.w.org\/{rel}","templated":true}]}}