{"id":18721,"date":"2023-08-09T20:43:15","date_gmt":"2023-08-09T20:43:15","guid":{"rendered":"https:\/\/ragnaroklabsoficial.com\/ragnarok\/?post_type=product&#038;p=18721"},"modified":"2025-10-16T16:57:44","modified_gmt":"2025-10-16T16:57:44","slug":"enantato-de-testosterona","status":"publish","type":"product","link":"https:\/\/ragnaroklabsoficial.com\/ragnarok\/index.php\/producto\/enantato-de-testosterona\/","title":{"rendered":"Enantato de testosterona 300 mg"},"content":{"rendered":"<p>El enantato de testosterona es un \u00e9ster de testosterona, que es un esteroide anab\u00f3lico androg\u00e9nico sint\u00e9tico. La testosterona es una hormona sexual masculina natural que se produce en los test\u00edculos. El enantato de testosterona es una forma sint\u00e9tica de esta hormona y se usa principalmente en terapia de reemplazo de testosterona en hombres que tienen niveles bajos de testosterona. Tambi\u00e9n se utiliza en la construcci\u00f3n de masa muscular y fuerza en deportes de alto rendimiento y en el culturismo.<\/p>\n<p>El enantato de testosterona desempe\u00f1a un papel clave en el crecimiento muscular y la fuerza. Al tomar enantato de testosterona, se puede aumentar la cantidad de testosterona en el cuerpo, lo que puede ayudar a construir masa muscular y mejorar el rendimiento atl\u00e9tico.<\/p>\n","protected":false},"excerpt":{"rendered":"<p>El enantato de testosterona desempe\u00f1a un papel clave en el crecimiento muscular y la fuerza. Al tomar enantato de testosterona, se puede aumentar la cantidad de testosterona en el cuerpo, lo que puede ayudar a construir masa muscular y mejorar el rendimiento atl\u00e9tico.<\/p>\n","protected":false},"featured_media":18734,"comment_status":"open","ping_status":"closed","template":"","meta":[],"product_cat":[228],"product_tag":[230],"class_list":["post-18721","product","type-product","status-publish","has-post-thumbnail","hentry","product_cat-enantato","product_tag-enantato"],"_links":{"self":[{"href":"https:\/\/ragnaroklabsoficial.com\/ragnarok\/index.php\/wp-json\/wp\/v2\/product\/18721","targetHints":{"allow":["GET"]}}],"collection":[{"href":"https:\/\/ragnaroklabsoficial.com\/ragnarok\/index.php\/wp-json\/wp\/v2\/product"}],"about":[{"href":"https:\/\/ragnaroklabsoficial.com\/ragnarok\/index.php\/wp-json\/wp\/v2\/types\/product"}],"replies":[{"embeddable":true,"href":"https:\/\/ragnaroklabsoficial.com\/ragnarok\/index.php\/wp-json\/wp\/v2\/comments?post=18721"}],"wp:featuredmedia":[{"embeddable":true,"href":"https:\/\/ragnaroklabsoficial.com\/ragnarok\/index.php\/wp-json\/wp\/v2\/media\/18734"}],"wp:attachment":[{"href":"https:\/\/ragnaroklabsoficial.com\/ragnarok\/index.php\/wp-json\/wp\/v2\/media?parent=18721"}],"wp:term":[{"taxonomy":"product_cat","embeddable":true,"href":"https:\/\/ragnaroklabsoficial.com\/ragnarok\/index.php\/wp-json\/wp\/v2\/product_cat?post=18721"},{"taxonomy":"product_tag","embeddable":true,"href":"https:\/\/ragnaroklabsoficial.com\/ragnarok\/index.php\/wp-json\/wp\/v2\/product_tag?post=18721"}],"curies":[{"name":"wp","href":"https:\/\/api.w.org\/{rel}","templated":true}]}}