{"id":18653,"date":"2022-05-27T00:58:03","date_gmt":"2022-05-27T00:58:03","guid":{"rendered":"https:\/\/ragnaroklabsoficial.com\/ragnarok\/?post_type=product&#038;p=18653"},"modified":"2025-10-16T16:57:43","modified_gmt":"2025-10-16T16:57:43","slug":"winstrol-30mg-tabletas-estanozolol","status":"publish","type":"product","link":"https:\/\/ragnaroklabsoficial.com\/ragnarok\/index.php\/producto\/winstrol-30mg-tabletas-estanozolol\/","title":{"rendered":"Winstrol 30mg Tabletas (Estanozolol)"},"content":{"rendered":"<p>Winstrol 10ml \/ 200 mg (Estanozolol)<\/p>\n<p>El estanozolol es un esteroide anab\u00f3lico. Presenta propiedades similares a la hormona masculina testosterona: tiene efectos virilizantes androg\u00e9nicos, incrementa la s\u00edntesis de prote\u00ednas y potencia el desarrollo muscular.<\/p>\n","protected":false},"excerpt":{"rendered":"<p>Winstrol<br \/>\nEl estanozolol es un esteroide anab\u00f3lico. Presenta propiedades similares a la hormona masculina testosterona: tiene efectos virilizantes androg\u00e9nicos, incrementa la s\u00edntesis de prote\u00ednas y potencia el desarrollo muscular.<br \/>\nEl Winstrol (Estanozolol inyectable) es un esteroide anab\u00f3lico de cualidades interesantes. Normalmente no se utiliza como base en los ciclos de esteroides y no es necesario para la mayor\u00eda de ellos. No obstante, en ciertos casos puede resultar ben\u00e9fico. La diferencia del Winstrol con casi todos los dem\u00e1s esteroides inyectables estriba en que este tiene 17-alquilos, propiedad m\u00e1s com\u00fanmente asociada con los esteroides anab\u00f3licos orales y que produce una toxicidad en el h\u00edgado inusual en los esteroides inyectados. A este respecto, el Winstrol es m\u00e1s poderoso (m\u00e1s fuerte efecto por miligramo) que la mayor parte de esteroides a base de alquilos: Por esta raz\u00f3n prefiero que las inyecciones se limiten a dosis de 50 mg\/d\u00eda y durante periodos de entre 6 a 8 semanas como m\u00e1ximo.<\/p>\n","protected":false},"featured_media":18654,"comment_status":"open","ping_status":"closed","template":"","meta":[],"product_cat":[196,187],"product_tag":[203,216,221],"class_list":["post-18653","product","type-product","status-publish","has-post-thumbnail","hentry","product_cat-winstrol","product_cat-farmaco-deportivo","product_tag-estanozolol-winstrol","product_tag-winstrol","product_tag-winstrol-tabletas","ts_product_brand-ragnarok-labs"],"_links":{"self":[{"href":"https:\/\/ragnaroklabsoficial.com\/ragnarok\/index.php\/wp-json\/wp\/v2\/product\/18653","targetHints":{"allow":["GET"]}}],"collection":[{"href":"https:\/\/ragnaroklabsoficial.com\/ragnarok\/index.php\/wp-json\/wp\/v2\/product"}],"about":[{"href":"https:\/\/ragnaroklabsoficial.com\/ragnarok\/index.php\/wp-json\/wp\/v2\/types\/product"}],"replies":[{"embeddable":true,"href":"https:\/\/ragnaroklabsoficial.com\/ragnarok\/index.php\/wp-json\/wp\/v2\/comments?post=18653"}],"wp:featuredmedia":[{"embeddable":true,"href":"https:\/\/ragnaroklabsoficial.com\/ragnarok\/index.php\/wp-json\/wp\/v2\/media\/18654"}],"wp:attachment":[{"href":"https:\/\/ragnaroklabsoficial.com\/ragnarok\/index.php\/wp-json\/wp\/v2\/media?parent=18653"}],"wp:term":[{"taxonomy":"product_cat","embeddable":true,"href":"https:\/\/ragnaroklabsoficial.com\/ragnarok\/index.php\/wp-json\/wp\/v2\/product_cat?post=18653"},{"taxonomy":"product_tag","embeddable":true,"href":"https:\/\/ragnaroklabsoficial.com\/ragnarok\/index.php\/wp-json\/wp\/v2\/product_tag?post=18653"}],"curies":[{"name":"wp","href":"https:\/\/api.w.org\/{rel}","templated":true}]}}