{"id":18651,"date":"2022-05-27T00:57:43","date_gmt":"2022-05-27T00:57:43","guid":{"rendered":"https:\/\/ragnaroklabsoficial.com\/ragnarok\/?post_type=product&#038;p=18651"},"modified":"2025-03-10T19:20:44","modified_gmt":"2025-03-10T19:20:44","slug":"trembo-10-ml-100mg-trembolona","status":"publish","type":"product","link":"https:\/\/ragnaroklabsoficial.com\/ragnarok\/index.php\/producto\/trembo-10-ml-100mg-trembolona\/","title":{"rendered":"Trembo 10 ml \/ 100mg Trembolona"},"content":{"rendered":"<p>Trembo 10 ml \/ 100mg Trembolona<\/p>\n<p>Esta sustancia es un esteroide anabolizante, cuya funci\u00f3n principal es aumentar la masa muscular y quemar grasas. Por esta raz\u00f3n, este componente est\u00e1 considerado como uno de los mejores para favorecer el rendimiento f\u00edsico de los atletas<\/p>\n","protected":false},"excerpt":{"rendered":"<p>Trembolona<br \/>\nEsta sustancia es un esteroide anabolizante, cuya funci\u00f3n principal es aumentar la masa muscular y quemar grasas. Por esta raz\u00f3n, este componente est\u00e1 considerado como uno de los mejores para favorecer el rendimiento f\u00edsico de los atletas<br \/>\nDescripci\u00f3n del Producto: La trembolona acetato es utilizada principalmente para definir musculo y obtener un poco de volumen muscular, dar dureza al musculo, m\u00e1s madurez muscular y sacar el agua del cuerpo. Es muy usada en etapas de definici\u00f3n o ciclos de corte, ya que posee caracter\u00edsticas \u00fanicas en donde empezar\u00e1s a definir conservando tu musculatura e incluso obteniendo un poco m\u00e1s de ella. Se pueden hacer variados ciclos algunas recomendaciones de ciclos con trenbolona acetato pueden ser: sostenon 250 &#8211; trembolona &#8211; oxandrolona propionato &#8211; trenbolona &#8211; Winstrol enantato &#8211; trenbolona &#8211; Winstrol Las dosis normales de la trenbolona var\u00edan desde los 75mg por semana hasta los 400mg semanales. Cons\u00faltenos para darle a conocer las precauciones que debe tomar al aplicarse la trenbolona y darle el uso correcto y seguro. Presentaci\u00f3n: Vial de 10ml Acetato de Trenbolona 100mg \/ ml<\/p>\n","protected":false},"featured_media":18652,"comment_status":"open","ping_status":"closed","template":"","meta":[],"product_cat":[187,195],"product_tag":[220,211],"class_list":["post-18651","product","type-product","status-publish","has-post-thumbnail","hentry","product_cat-farmaco-deportivo","product_cat-trembolona","product_tag-trembo","product_tag-trembolona","ts_product_brand-ragnarok-labs"],"_links":{"self":[{"href":"https:\/\/ragnaroklabsoficial.com\/ragnarok\/index.php\/wp-json\/wp\/v2\/product\/18651","targetHints":{"allow":["GET"]}}],"collection":[{"href":"https:\/\/ragnaroklabsoficial.com\/ragnarok\/index.php\/wp-json\/wp\/v2\/product"}],"about":[{"href":"https:\/\/ragnaroklabsoficial.com\/ragnarok\/index.php\/wp-json\/wp\/v2\/types\/product"}],"replies":[{"embeddable":true,"href":"https:\/\/ragnaroklabsoficial.com\/ragnarok\/index.php\/wp-json\/wp\/v2\/comments?post=18651"}],"wp:featuredmedia":[{"embeddable":true,"href":"https:\/\/ragnaroklabsoficial.com\/ragnarok\/index.php\/wp-json\/wp\/v2\/media\/18652"}],"wp:attachment":[{"href":"https:\/\/ragnaroklabsoficial.com\/ragnarok\/index.php\/wp-json\/wp\/v2\/media?parent=18651"}],"wp:term":[{"taxonomy":"product_cat","embeddable":true,"href":"https:\/\/ragnaroklabsoficial.com\/ragnarok\/index.php\/wp-json\/wp\/v2\/product_cat?post=18651"},{"taxonomy":"product_tag","embeddable":true,"href":"https:\/\/ragnaroklabsoficial.com\/ragnarok\/index.php\/wp-json\/wp\/v2\/product_tag?post=18651"}],"curies":[{"name":"wp","href":"https:\/\/api.w.org\/{rel}","templated":true}]}}