{"id":18644,"date":"2022-05-27T00:44:51","date_gmt":"2022-05-27T00:44:51","guid":{"rendered":"https:\/\/ragnaroklabsoficial.com\/ragnarok\/?post_type=product&#038;p=18644"},"modified":"2025-07-03T20:52:06","modified_gmt":"2025-07-03T20:52:06","slug":"primobolan-10-ml-100-mg","status":"publish","type":"product","link":"https:\/\/ragnaroklabsoficial.com\/ragnarok\/index.php\/producto\/primobolan-10-ml-100-mg\/","title":{"rendered":"Primobolan 10 ml  \/ 100 mg"},"content":{"rendered":"<p>Primobolan 10 ml \/ 100 mg<\/p>\n<p>Primobolan 10ml \/ 100 mg. No solo tiene la mejor relaci\u00f3n \u201criesgo-beneficio\u201d de cualquier esteroide, sino que tambi\u00e9n es el esteroide m\u00e1s seguro y posiblemente el m\u00e1s efectivo disponible. Al enfatizar la naturaleza anab\u00f3lica y reducir las cualidades androg\u00e9nicas m\u00e1s severas, Primobolan fue dise\u00f1ado para tener la menor cantidad posible de efectos secundarios, lo cual ciertamente es el caso.<\/p>\n","protected":false},"excerpt":{"rendered":"<p>primobolan<br \/>\nSi hay un esteroide que puede considerarse lo m\u00e1s cercano a la perfecci\u00f3n posible, es Primobolan. No solo tiene la mejor relaci\u00f3n \u201criesgo-beneficio\u201d de cualquier esteroide, sino que tambi\u00e9n es el esteroide m\u00e1s seguro y posiblemente el m\u00e1s efectivo disponible. Al enfatizar la naturaleza anab\u00f3lica y reducir las cualidades androg\u00e9nicas m\u00e1s severas, Primobolan fue dise\u00f1ado para tener la menor cantidad posible de efectos secundarios, lo cual ciertamente es el caso. La supresi\u00f3n de la producci\u00f3n natural de testosterona es m\u00ednima y el aumento de la presi\u00f3n arterial, el da\u00f1o hep\u00e1tico, el riesgo de ginecomastia o cualquier sensaci\u00f3n de incomodidad es pr\u00e1cticamente inexistente con Primo. Primobolan es perfecto para cortar o aumentar el volumen, pero al ser un esteroide leve, los resultados obtenidos ser\u00e1n lentos y constantes en comparaci\u00f3n con otros esteroides m\u00e1s fuertes como la testosterona o la trembolona. Primobolan es muy vers\u00e1til y puede usarse con cualquier otro esteroide dependiendo de sus objetivos. Para cortar, funciona bien con Masteron, trembolona y orales secos como Superdrol, Winstrol o Anavar. Para aumentar el volumen, se puede usar con testosterona, nandrolona, \u200b\u200bboldenona y orales como Dianabol o Anadrol. Primobolan se considera la mejor opci\u00f3n para las mujeres debido a sus bajas cualidades androg\u00e9nicas y las consiguientes ganancias magras. Dado que Primo es casi puramente anab\u00f3lico, los efectos secundarios se mantienen al m\u00ednimo absoluto, si las dosis se mantienen razonables. Las mujeres generalmente responden muy bien a una dosis de 50-100 mg por semana. Primobolan es muy vers\u00e1til y puede usarse con cualquier otro esteroide dependiendo de sus objetivos. Para cortar, funciona bien con Masteron, trembolona y orales secos como Superdrol, Winstrol o Anavar. Para aumentar el volumen, se puede usar con testosterona, nandrolona, \u200b\u200bboldenona y orales como Dianabol o Anadrol. Primobolan se considera la mejor opci\u00f3n para las mujeres debido a sus bajas cualidades androg\u00e9nicas y las consiguientes ganancias magras. Dado que Primo es casi puramente anab\u00f3lico, los efectos secundarios se mantienen al m\u00ednimo absoluto, si las dosis se mantienen razonables. Las mujeres generalmente responden muy bien a una dosis de 50-100 mg por semana. Primobolan es muy vers\u00e1til y puede usarse con cualquier otro esteroide dependiendo de sus objetivos. Para cortar, funciona bien con Masteron, trembolona y orales secos como Superdrol, Winstrol o Anavar. Para aumentar el volumen, se puede usar con testosterona, nandrolona, \u200b\u200bboldenona y orales como Dianabol o Anadrol. Primobolan se considera la mejor opci\u00f3n para las mujeres debido a sus bajas cualidades androg\u00e9nicas y las consiguientes ganancias magras. Dado que Primo es casi puramente anab\u00f3lico, los efectos secundarios se mantienen al m\u00ednimo absoluto, si las dosis se mantienen razonables. Las mujeres generalmente responden muy bien a una dosis de 50-100 mg por semana. Primobolan se considera la mejor opci\u00f3n para las mujeres debido a sus bajas cualidades androg\u00e9nicas y las consiguientes ganancias magras. Dado que Primo es casi puramente anab\u00f3lico, los efectos secundarios se mantienen al m\u00ednimo absoluto, si las dosis se mantienen razonables. Las mujeres generalmente responden muy bien a una dosis de 50-100 mg por semana. Primobolan se considera la mejor opci\u00f3n para las mujeres debido a sus bajas cualidades androg\u00e9nicas y las consiguientes ganancias magras. Dado que Primo es casi puramente anab\u00f3lico, los efectos secundarios se mantienen al m\u00ednimo absoluto, si las dosis se mantienen razonables. Las mujeres generalmente responden muy bien a una dosis de 50-100 mg por semana.<\/p>\n","protected":false},"featured_media":18645,"comment_status":"open","ping_status":"closed","template":"","meta":[],"product_cat":[187,192],"product_tag":[208],"class_list":["post-18644","product","type-product","status-publish","has-post-thumbnail","hentry","product_cat-farmaco-deportivo","product_cat-promobolan","product_tag-primobolan"],"_links":{"self":[{"href":"https:\/\/ragnaroklabsoficial.com\/ragnarok\/index.php\/wp-json\/wp\/v2\/product\/18644","targetHints":{"allow":["GET"]}}],"collection":[{"href":"https:\/\/ragnaroklabsoficial.com\/ragnarok\/index.php\/wp-json\/wp\/v2\/product"}],"about":[{"href":"https:\/\/ragnaroklabsoficial.com\/ragnarok\/index.php\/wp-json\/wp\/v2\/types\/product"}],"replies":[{"embeddable":true,"href":"https:\/\/ragnaroklabsoficial.com\/ragnarok\/index.php\/wp-json\/wp\/v2\/comments?post=18644"}],"wp:featuredmedia":[{"embeddable":true,"href":"https:\/\/ragnaroklabsoficial.com\/ragnarok\/index.php\/wp-json\/wp\/v2\/media\/18645"}],"wp:attachment":[{"href":"https:\/\/ragnaroklabsoficial.com\/ragnarok\/index.php\/wp-json\/wp\/v2\/media?parent=18644"}],"wp:term":[{"taxonomy":"product_cat","embeddable":true,"href":"https:\/\/ragnaroklabsoficial.com\/ragnarok\/index.php\/wp-json\/wp\/v2\/product_cat?post=18644"},{"taxonomy":"product_tag","embeddable":true,"href":"https:\/\/ragnaroklabsoficial.com\/ragnarok\/index.php\/wp-json\/wp\/v2\/product_tag?post=18644"}],"curies":[{"name":"wp","href":"https:\/\/api.w.org\/{rel}","templated":true}]}}