{"id":18633,"date":"2022-05-27T00:31:53","date_gmt":"2022-05-27T00:31:53","guid":{"rendered":"https:\/\/ragnaroklabsoficial.com\/ragnarok\/?post_type=product&#038;p=18633"},"modified":"2025-03-10T19:21:33","modified_gmt":"2025-03-10T19:21:33","slug":"masteron-10-ml-100-mg","status":"publish","type":"product","link":"https:\/\/ragnaroklabsoficial.com\/ragnarok\/index.php\/producto\/masteron-10-ml-100-mg\/","title":{"rendered":"Masteron 10 ml \/ 100 mg"},"content":{"rendered":"<p>Masteron 10 ml \/ 100 mg<\/p>\n<p>Drostanolona Propionato Masteron 10ml de 100mg Landerlan es un f\u00e1rmaco que act\u00faa favoreciendo el incremento de la fuerza y masa muscular a trav\u00e9s de diversos mecanismos fisiol\u00f3gicos al aumentar la retenci\u00f3n de nitr\u00f3geno.<\/p>\n","protected":false},"excerpt":{"rendered":"<p>MASTERON 100 conocido como propionate del drostanolone que es un derivado de DHT (dihydrotestosterone) y por consiguiente no aromatizar\u00e1 en estr\u00f3geno. Esto sumamente beneficioso porque la aromatizaci\u00f3n causa retenci\u00f3n de agua que puede dar una apariencia lisa a los m\u00fasculos. MEXICO<br \/>\nCada envase contiene 100 mg de propionato de drostanolone en soluci\u00f3n oleosa. Excipientes: Alcohol benc\u00edlico, aceite natural de calidad farmac\u00e9utica Farmacolog\u00eda Masteron era una vez un ampliamente popular anab\u00f3licos y andr\u00f3genos sint\u00e9ticos esteroides culturistas. Masteron puede aumentar la masa muscular y causar un balance de nitr\u00f3geno positivo. La masa corporal se incrementa gradualmente en un per\u00edodo de 4-6 semanas. Masteron no se somete a la aromatizaci\u00f3n de los estr\u00f3genos y es por eso que fue preferido a muchos de los otros esteroides anab\u00f3licos. Se asemeja a la testosterona en sus acciones. Sin embargo, a altas dosis, el f\u00e1rmaco se convierte en alg\u00fan grado en estr\u00f3geno y puede conducir al desarrollo de agrandamiento de mamas y retenci\u00f3n de agua. El medicamento nunca fue aprobado para uso cl\u00ednico en medicina debido a la preocupaci\u00f3n por los efectos secundarios. En Europa, la droga fue probada como un tratamiento para anemias resistentes y personas con VIH que tuvieron una p\u00e9rdida de peso profunda.<\/p>\n","protected":false},"featured_media":18634,"comment_status":"open","ping_status":"closed","template":"","meta":[],"product_cat":[187,190],"product_tag":[205],"class_list":["post-18633","product","type-product","status-publish","has-post-thumbnail","hentry","product_cat-farmaco-deportivo","product_cat-masteron","product_tag-masteron","ts_product_brand-ragnarok-labs"],"_links":{"self":[{"href":"https:\/\/ragnaroklabsoficial.com\/ragnarok\/index.php\/wp-json\/wp\/v2\/product\/18633","targetHints":{"allow":["GET"]}}],"collection":[{"href":"https:\/\/ragnaroklabsoficial.com\/ragnarok\/index.php\/wp-json\/wp\/v2\/product"}],"about":[{"href":"https:\/\/ragnaroklabsoficial.com\/ragnarok\/index.php\/wp-json\/wp\/v2\/types\/product"}],"replies":[{"embeddable":true,"href":"https:\/\/ragnaroklabsoficial.com\/ragnarok\/index.php\/wp-json\/wp\/v2\/comments?post=18633"}],"wp:featuredmedia":[{"embeddable":true,"href":"https:\/\/ragnaroklabsoficial.com\/ragnarok\/index.php\/wp-json\/wp\/v2\/media\/18634"}],"wp:attachment":[{"href":"https:\/\/ragnaroklabsoficial.com\/ragnarok\/index.php\/wp-json\/wp\/v2\/media?parent=18633"}],"wp:term":[{"taxonomy":"product_cat","embeddable":true,"href":"https:\/\/ragnaroklabsoficial.com\/ragnarok\/index.php\/wp-json\/wp\/v2\/product_cat?post=18633"},{"taxonomy":"product_tag","embeddable":true,"href":"https:\/\/ragnaroklabsoficial.com\/ragnarok\/index.php\/wp-json\/wp\/v2\/product_tag?post=18633"}],"curies":[{"name":"wp","href":"https:\/\/api.w.org\/{rel}","templated":true}]}}